{"id":6110,"date":"2023-12-06T09:43:04","date_gmt":"2023-12-06T14:43:04","guid":{"rendered":"https:\/\/www.claimsecure.com\/?page_id=6110"},"modified":"2024-04-30T05:37:26","modified_gmt":"2024-04-30T09:37:26","slug":"politique-sur-les-temoins","status":"publish","type":"page","link":"https:\/\/www.claimsecure.com\/fr\/politique-sur-les-temoins\/","title":{"rendered":"Politique sur les t\u00e9moins"},"content":{"rendered":"\t\t<div data-elementor-type=\"wp-page\" data-elementor-id=\"6110\" class=\"elementor elementor-6110 elementor-6058\" data-elementor-post-type=\"page\">\n\t\t\t\t<div class=\"elementor-element elementor-element-5889450 e-flex e-con-boxed e-con e-parent\" data-id=\"5889450\" data-element_type=\"container\" data-e-type=\"container\">\n\t\t\t\t\t<div class=\"e-con-inner\">\n\t\t\t\t<div class=\"elementor-element elementor-element-f7034b8 elementor-widget elementor-widget-heading\" data-id=\"f7034b8\" data-element_type=\"widget\" data-e-type=\"widget\" role=\"heading\" aria-label=\"ClaimSecure Privacy Note\" data-widget_type=\"heading.default\">\n\t\t\t\t<div class=\"elementor-widget-container\">\n\t\t\t\t\t<h1 class=\"elementor-heading-title elementor-size-default\"><span style=\"color: var( --e-global-color-primary );font-family: var( --e-global-typography-primary-font-family ), Sans-serif;font-weight: var( --e-global-typography-primary-font-weight )\">S\u00e9curIndemnit\u00e9<\/span><span style=\"color: var( --e-global-color-primary );font-family: var( --e-global-typography-primary-font-family ), Sans-serif;font-weight: var( --e-global-typography-primary-font-weight );font-size: 21px;line-height: 0;position: relative;vertical-align: baseline;top: -1em\">MC<\/span> Politique sur les t\u00e9moins<\/h1>\t\t\t\t<\/div>\n\t\t\t\t<\/div>\n\t\t\t\t\t<\/div>\n\t\t\t\t<\/div>\n\t\t<div class=\"elementor-element elementor-element-4e5c0e5 e-flex e-con-boxed e-con e-parent\" data-id=\"4e5c0e5\" data-element_type=\"container\" data-e-type=\"container\">\n\t\t\t\t\t<div class=\"e-con-inner\">\n\t\t\t\t<div class=\"elementor-element elementor-element-58fc1d5 elementor-widget elementor-widget-text-editor\" data-id=\"58fc1d5\" data-element_type=\"widget\" data-e-type=\"widget\" data-widget_type=\"text-editor.default\">\n\t\t\t\t<div class=\"elementor-widget-container\">\n\t\t\t\t\t\t\t\t\tConsultez notre gestionnaire de consentement aux t\u00e9moins pour choisir les <a class=\"cookie-trigger\" tabindex=\"0\" role=\"button\" aria-label=\"choose cookie settings\"><b>param\u00e8tres des t\u00e9moins.<\/b><\/a>\t\t\t\t\t\t\t\t<\/div>\n\t\t\t\t<\/div>\n\t\t\t\t<div class=\"elementor-element elementor-element-a45fcdc elementor-widget elementor-widget-text-editor\" data-id=\"a45fcdc\" data-element_type=\"widget\" data-e-type=\"widget\" data-widget_type=\"text-editor.default\">\n\t\t\t\t<div class=\"elementor-widget-container\">\n\t\t\t\t\t\t\t\t\tNous conserverons vos pr\u00e9f\u00e9rences de t\u00e9moins pendant six\u00a0mois.\u00a0 Apr\u00e8s quoi, nous vous demanderons de les s\u00e9lectionner \u00e0 nouveau.\u00a0 Si vous effacez vos param\u00e8tres de t\u00e9moins dans votre navigateur avant la fin des six\u00a0mois, nous vous demanderons de s\u00e9lectionner vos pr\u00e9f\u00e9rences de t\u00e9moins la prochaine fois que vous acc\u00e9derez \u00e0 notre site Web.\t\t\t\t\t\t\t\t<\/div>\n\t\t\t\t<\/div>\n\t\t\t\t<div class=\"elementor-element elementor-element-cf1dd9b elementor-widget elementor-widget-text-editor\" data-id=\"cf1dd9b\" data-element_type=\"widget\" data-e-type=\"widget\" data-widget_type=\"text-editor.default\">\n\t\t\t\t<div class=\"elementor-widget-container\">\n\t\t\t\t\t\t\t\t\tLa politique sur les t\u00e9moins s\u2019applique lorsque vous utilisez les sites Web et les applications mobiles de S\u00e9curIndemnit\u00e9 (collectivement appel\u00e9s \u00ab\u00a0services en ligne\u00a0\u00bb).\u00a0 La collecte, l\u2019utilisation et la divulgation de renseignements personnels d\u00e9crites dans la pr\u00e9sente politique sur les t\u00e9moins se veulent un compl\u00e9ment au contenu de notre <a href=\"https:\/\/www.claimsecure.com\/fr\/la-confidentialite\/\">politique de confidentialit\u00e9<\/a>.\t\t\t\t\t\t\t\t<\/div>\n\t\t\t\t<\/div>\n\t\t\t\t<div class=\"elementor-element elementor-element-c8cf655 elementor-widget elementor-widget-text-editor\" data-id=\"c8cf655\" data-element_type=\"widget\" data-e-type=\"widget\" data-widget_type=\"text-editor.default\">\n\t\t\t\t<div class=\"elementor-widget-container\">\n\t\t\t\t\t\t\t\t\tDes t\u00e9moins sont utilis\u00e9s lorsque vous lisez ou t\u00e9l\u00e9chargez des renseignements sur nos services en ligne.\u00a0 Les t\u00e9moins sont de petits fichiers texte qui sont stock\u00e9s sur votre ordinateur ou sur votre appareil mobile lorsque vous visitez un site Web.\u00a0 Les t\u00e9moins servent \u00e0 stocker vos param\u00e8tres et pr\u00e9f\u00e9rences, tels que votre identifiant de connexion et vos pr\u00e9f\u00e9rences linguistiques, pour am\u00e9liorer votre exp\u00e9rience de nos services en ligne lors de votre prochaine visite.\u00a0 Nous utilisons \u00e9galement des t\u00e9moins pour mesurer la performance de notre site pour nous aider \u00e0 d\u00e9tecter les am\u00e9liorations que nous pouvons lui apporter.\t\t\t\t\t\t\t\t<\/div>\n\t\t\t\t<\/div>\n\t\t\t\t<div class=\"elementor-element elementor-element-abf8573 elementor-widget elementor-widget-heading\" data-id=\"abf8573\" data-element_type=\"widget\" data-e-type=\"widget\" data-widget_type=\"heading.default\">\n\t\t\t\t<div class=\"elementor-widget-container\">\n\t\t\t\t\t<h2 class=\"elementor-heading-title elementor-size-default\">Nous utilisons deux types de t\u00e9moins:<\/h2>\t\t\t\t<\/div>\n\t\t\t\t<\/div>\n\t\t\t\t<div class=\"elementor-element elementor-element-22d9bad elementor-widget elementor-widget-text-editor\" data-id=\"22d9bad\" data-element_type=\"widget\" data-e-type=\"widget\" data-widget_type=\"text-editor.default\">\n\t\t\t\t<div class=\"elementor-widget-container\">\n\t\t\t\t\t\t\t\t\t<ol>\n \t<li style=\"font-weight: 400;\" aria-level=\"1\"><span style=\"font-weight: 400;\">Les t\u00e9moins de session sont effac\u00e9s lorsque vous fermez votre navigateur et quittez notre site Web<\/span><\/li>\n \t<li style=\"font-weight: 400;\" aria-level=\"1\"><span style=\"font-weight: 400;\">Les t\u00e9moins persistants restent sur votre ordinateur lorsque vous fermez votre navigateur et quittez nos services en ligne<\/span><\/li>\n<\/ol>\t\t\t\t\t\t\t\t<\/div>\n\t\t\t\t<\/div>\n\t\t\t\t<div class=\"elementor-element elementor-element-59def84 elementor-widget elementor-widget-text-editor\" data-id=\"59def84\" data-element_type=\"widget\" data-e-type=\"widget\" data-widget_type=\"text-editor.default\">\n\t\t\t\t<div class=\"elementor-widget-container\">\n\t\t\t\t\t\t\t\t\tLes t\u00e9moins d\u00e9finis par S\u00e9curIndemnit\u00e9 sont appel\u00e9s \u00ab\u00a0t\u00e9moins propri\u00e9taires\u00a0\u00bb.\u00a0 Ces t\u00e9moins sont utilis\u00e9s pour recueillir des donn\u00e9es analytiques et pour m\u00e9moriser les param\u00e8tres de langue, l\u2019identifiant de connexion et d\u2019autres pr\u00e9f\u00e9rences dans le but d\u2019offrir une exp\u00e9rience personnalis\u00e9e aux utilisateurs.\u00a0 Les t\u00e9moins d\u00e9finis par des parties autres que nous sont appel\u00e9s \u00ab\u00a0t\u00e9moins tiers\u00a0\u00bb.\u00a0 Souvent, ces t\u00e9moins sont persistants et ils permettent de fournir des fonctions et fonctionnalit\u00e9s tierces, telles que des analyses, sur nos services en ligne ou par l\u2019interm\u00e9diaire d\u2019autres sites Web.\t\t\t\t\t\t\t\t<\/div>\n\t\t\t\t<\/div>\n\t\t\t\t<div class=\"elementor-element elementor-element-174902f elementor-widget elementor-widget-text-editor\" data-id=\"174902f\" data-element_type=\"widget\" data-e-type=\"widget\" data-widget_type=\"text-editor.default\">\n\t\t\t\t<div class=\"elementor-widget-container\">\n\t\t\t\t\t\t\t\t\tLes pixels espions se nomment \u00e9galement pixels invisibles.\u00a0 Ils sont int\u00e9gr\u00e9s \u00e0 une page Web ou \u00e0 un courrier \u00e9lectronique et ne sont g\u00e9n\u00e9ralement pas visibles.\u00a0 Les pixels espions sont utilis\u00e9s en grande partie aux m\u00eames fins que les t\u00e9moins, notamment pour mesurer l\u2019activit\u00e9 sur le site Web ou dans les courriels auxquels ils sont int\u00e9gr\u00e9s.\u00a0 Si le pixel espion vise \u00e0 cr\u00e9er un t\u00e9moin, la d\u00e9sactivation des t\u00e9moins l\u2019emp\u00eachera.\t\t\t\t\t\t\t\t<\/div>\n\t\t\t\t<\/div>\n\t\t\t\t<div class=\"elementor-element elementor-element-ce59644 elementor-widget elementor-widget-heading\" data-id=\"ce59644\" data-element_type=\"widget\" data-e-type=\"widget\" data-widget_type=\"heading.default\">\n\t\t\t\t<div class=\"elementor-widget-container\">\n\t\t\t\t\t<h2 class=\"elementor-heading-title elementor-size-default\">Le type de donn\u00e9es recueillies<\/h2>\t\t\t\t<\/div>\n\t\t\t\t<\/div>\n\t\t\t\t<div class=\"elementor-element elementor-element-8820329 elementor-widget elementor-widget-text-editor\" data-id=\"8820329\" data-element_type=\"widget\" data-e-type=\"widget\" data-widget_type=\"text-editor.default\">\n\t\t\t\t<div class=\"elementor-widget-container\">\n\t\t\t\t\t\t\t\t\tNous recueillons des donn\u00e9es lors de vos interactions avec nos services en ligne.\u00a0 Les donn\u00e9es que nous recueillons peuvent inclure:\t\t\t\t\t\t\t\t<\/div>\n\t\t\t\t<\/div>\n\t\t\t\t<div class=\"elementor-element elementor-element-2f70f4f elementor-widget elementor-widget-text-editor\" data-id=\"2f70f4f\" data-element_type=\"widget\" data-e-type=\"widget\" data-widget_type=\"text-editor.default\">\n\t\t\t\t<div class=\"elementor-widget-container\">\n\t\t\t\t\t\t\t\t\t<ul>\n \t<li style=\"font-weight: 400;\" aria-level=\"1\"><span style=\"font-weight: 400;\">votre adresse\u00a0IP<\/span><\/li>\n \t<li style=\"font-weight: 400;\" aria-level=\"1\"><span style=\"font-weight: 400;\">le moment o\u00f9 vous visitez notre site<\/span><\/li>\n \t<li style=\"font-weight: 400;\" aria-level=\"1\"><span style=\"font-weight: 400;\">la fa\u00e7on dont vous explorez nos sites Web, y compris les pages que vous visitez, le moment o\u00f9 vous les visitez et la dur\u00e9e de votre visite<\/span><\/li>\n \t<li style=\"font-weight: 400;\" aria-level=\"1\"><span style=\"font-weight: 400;\">la fa\u00e7on dont vous avez acc\u00e9d\u00e9 \u00e0 notre site (par exemple \u00e0 partir d\u2019un moteur de recherche ou du site d\u2019un tiers)<\/span><\/li>\n \t<li style=\"font-weight: 400;\" aria-level=\"1\"><span style=\"font-weight: 400;\">les renseignements sur l\u2019appareil et le navigateur utilis\u00e9 et d\u2019autres d\u00e9tails similaires<\/span><\/li>\n<\/ul>\t\t\t\t\t\t\t\t<\/div>\n\t\t\t\t<\/div>\n\t\t\t\t<div class=\"elementor-element elementor-element-eaf1eb4 elementor-widget elementor-widget-heading\" data-id=\"eaf1eb4\" data-element_type=\"widget\" data-e-type=\"widget\" data-widget_type=\"heading.default\">\n\t\t\t\t<div class=\"elementor-widget-container\">\n\t\t\t\t\t<h2 class=\"elementor-heading-title elementor-size-default\">L\u2019utilisation que nous faisons des renseignements personnels recueillis<\/h2>\t\t\t\t<\/div>\n\t\t\t\t<\/div>\n\t\t\t\t<div class=\"elementor-element elementor-element-2db50d1 elementor-widget elementor-widget-text-editor\" data-id=\"2db50d1\" data-element_type=\"widget\" data-e-type=\"widget\" data-widget_type=\"text-editor.default\">\n\t\t\t\t<div class=\"elementor-widget-container\">\n\t\t\t\t\t\t\t\t\tLes donn\u00e9es que nous recueillons aupr\u00e8s de vous lors de vos interactions avec nos services en ligne peuvent \u00eatre utilis\u00e9es aux fins suivantes.\u00a0 Vous pouvez contr\u00f4ler l\u2019utilisation faite de vos donn\u00e9es en choisissant les <a class=\"cookie-trigger\" role=\"button\" aria-label=\"choosing cookie settings\" tabindex=\"0\"><b>param\u00e8tres des t\u00e9moins<\/b><\/a>.\t\t\t\t\t\t\t\t<\/div>\n\t\t\t\t<\/div>\n\t\t\t\t<div class=\"elementor-element elementor-element-dba8370 elementor-widget elementor-widget-heading\" data-id=\"dba8370\" data-element_type=\"widget\" data-e-type=\"widget\" data-widget_type=\"heading.default\">\n\t\t\t\t<div class=\"elementor-widget-container\">\n\t\t\t\t\t<h2 class=\"elementor-heading-title elementor-size-default\">Fonctionnalit\u00e9s et s\u00e9curit\u00e9 essentielles<\/h2>\t\t\t\t<\/div>\n\t\t\t\t<\/div>\n\t\t\t\t<div class=\"elementor-element elementor-element-c8123f4 elementor-widget elementor-widget-text-editor\" data-id=\"c8123f4\" data-element_type=\"widget\" data-e-type=\"widget\" data-widget_type=\"text-editor.default\">\n\t\t\t\t<div class=\"elementor-widget-container\">\n\t\t\t\t\t\t\t\t\tNous utilisons les renseignements recueillis pour v\u00e9rifier en toute s\u00e9curit\u00e9 votre identit\u00e9 lorsque vous vous connectez \u00e0 nos services en ligne et que vous naviguez sur ces derniers.\u00a0 Nous pouvons utiliser les informations relatives \u00e0 votre session de navigation pour veiller au bon fonctionnement de nos services en ligne.\t\t\t\t\t\t\t\t<\/div>\n\t\t\t\t<\/div>\n\t\t\t\t<div class=\"elementor-element elementor-element-8c88929 elementor-widget elementor-widget-heading\" data-id=\"8c88929\" data-element_type=\"widget\" data-e-type=\"widget\" data-widget_type=\"heading.default\">\n\t\t\t\t<div class=\"elementor-widget-container\">\n\t\t\t\t\t<h2 class=\"elementor-heading-title elementor-size-default\">Fonctionnalit\u00e9 personnalis\u00e9e<\/h2>\t\t\t\t<\/div>\n\t\t\t\t<\/div>\n\t\t\t\t<div class=\"elementor-element elementor-element-86b65a7 elementor-widget elementor-widget-text-editor\" data-id=\"86b65a7\" data-element_type=\"widget\" data-e-type=\"widget\" data-widget_type=\"text-editor.default\">\n\t\t\t\t<div class=\"elementor-widget-container\">\n\t\t\t\t\t\t\t\t\tNous utilisons les informations recueillies pour fournir des fonctionnalit\u00e9s permettant de personnaliser et d\u2019am\u00e9liorer votre exp\u00e9rience, par exemple, pour m\u00e9moriser votre identifiant de connexion et la langue s\u00e9lectionn\u00e9e pour vos prochaines visites.\t\t\t\t\t\t\t\t<\/div>\n\t\t\t\t<\/div>\n\t\t\t\t<div class=\"elementor-element elementor-element-beb538c elementor-widget elementor-widget-heading\" data-id=\"beb538c\" data-element_type=\"widget\" data-e-type=\"widget\" data-widget_type=\"heading.default\">\n\t\t\t\t<div class=\"elementor-widget-container\">\n\t\t\t\t\t<h2 class=\"elementor-heading-title elementor-size-default\">Analyse des donn\u00e9es<\/h2>\t\t\t\t<\/div>\n\t\t\t\t<\/div>\n\t\t\t\t<div class=\"elementor-element elementor-element-9592d97 elementor-widget elementor-widget-text-editor\" data-id=\"9592d97\" data-element_type=\"widget\" data-e-type=\"widget\" data-widget_type=\"text-editor.default\">\n\t\t\t\t<div class=\"elementor-widget-container\">\n\t\t\t\t\t\t\t\t\tLorsque vous utilisez nos services en ligne, nous utilisons des analyses Web pour comprendre vos besoins.\u00a0 Les donn\u00e9es recueillies nous aident \u00e0 comprendre le nombre de visiteurs que nous recevons, les heures auxquelles ils consultent notre site, les pages qui sont les plus et les moins populaires et comment les visiteurs se d\u00e9placent sur le site.\u00a0 Ces renseignements nous aident \u00e0 mesurer et \u00e0 comprendre l\u2019interaction des utilisateurs avec nos services en ligne afin que nous puissions am\u00e9liorer votre exp\u00e9rience en facilitant la recherche d\u2019informations sur nos produits et services.\u00a0 Ces outils d\u2019analyse utilisent des t\u00e9moins et peuvent capturer votre adresse\u00a0IP.\t\t\t\t\t\t\t\t<\/div>\n\t\t\t\t<\/div>\n\t\t\t\t<div class=\"elementor-element elementor-element-6b1402d elementor-widget elementor-widget-heading\" data-id=\"6b1402d\" data-element_type=\"widget\" data-e-type=\"widget\" data-widget_type=\"heading.default\">\n\t\t\t\t<div class=\"elementor-widget-container\">\n\t\t\t\t\t<h2 class=\"elementor-heading-title elementor-size-default\">G\u00e9olocalisation<\/h2>\t\t\t\t<\/div>\n\t\t\t\t<\/div>\n\t\t\t\t<div class=\"elementor-element elementor-element-5b401dc elementor-widget elementor-widget-text-editor\" data-id=\"5b401dc\" data-element_type=\"widget\" data-e-type=\"widget\" data-widget_type=\"text-editor.default\">\n\t\t\t\t<div class=\"elementor-widget-container\">\n\t\t\t\t\t\t\t\t\tSur nos services en ligne, nous pouvons \u00e9galement proposer des services de localisation, tels que Google Maps.\u00a0 Ces services peuvent recevoir des renseignements sur votre emplacement r\u00e9el ou des renseignements qui peuvent \u00eatre utilis\u00e9s pour \u00e9valuer votre emplacement.\u00a0 Pour utiliser le service de g\u00e9olocalisation, vous devrez donner votre consentement.\t\t\t\t\t\t\t\t<\/div>\n\t\t\t\t<\/div>\n\t\t\t\t<div class=\"elementor-element elementor-element-a468abf elementor-widget elementor-widget-heading\" data-id=\"a468abf\" data-element_type=\"widget\" data-e-type=\"widget\" data-widget_type=\"heading.default\">\n\t\t\t\t<div class=\"elementor-widget-container\">\n\t\t\t\t\t<h2 class=\"elementor-heading-title elementor-size-default\">Plateformes de m\u00e9dias sociaux<\/h2>\t\t\t\t<\/div>\n\t\t\t\t<\/div>\n\t\t\t\t<div class=\"elementor-element elementor-element-4e20449 elementor-widget elementor-widget-text-editor\" data-id=\"4e20449\" data-element_type=\"widget\" data-e-type=\"widget\" data-widget_type=\"text-editor.default\">\n\t\t\t\t<div class=\"elementor-widget-container\">\n\t\t\t\t\t\t\t\t\tS\u00e9curIndemnit\u00e9 est actif sur les r\u00e9seaux sociaux, et vous pouvez interagir avec nous sur ces plateformes.\u00a0 Ces plateformes ne nous appartiennent pas.\u00a0 \u00c0 noter que, si vous les utilisez, elles ont leurs propres politiques sur les t\u00e9moins, politiques de confidentialit\u00e9 et conditions d\u2019utilisation.\u00a0 Nous ne sommes pas affili\u00e9s aux fournisseurs des plateformes de m\u00e9dias sociaux que nous utilisons.\u00a0 Le contenu que vous publiez n\u2019est pas priv\u00e9 et peut \u00eatre vu par toute personne qui utilise la plateforme.\u00a0 Nous vous conseillons de lire les politiques de confidentialit\u00e9 et les conditions d\u2019utilisation de ces plateformes et des autres sites Web avant de les utiliser et d\u2019y publier des renseignements personnels.\t\t\t\t\t\t\t\t<\/div>\n\t\t\t\t<\/div>\n\t\t\t\t<div class=\"elementor-element elementor-element-c9d9efc elementor-widget elementor-widget-text-editor\" data-id=\"c9d9efc\" data-element_type=\"widget\" data-e-type=\"widget\" data-widget_type=\"text-editor.default\">\n\t\t\t\t<div class=\"elementor-widget-container\">\n\t\t\t\t\t\t\t\t\tS\u00e9curIndemnit\u00e9 se r\u00e9serve le droit de supprimer toute publication ou tout commentaire.\u00a0\t\t\t\t\t\t\t\t<\/div>\n\t\t\t\t<\/div>\n\t\t\t\t\t<\/div>\n\t\t\t\t<\/div>\n\t\t\t\t<\/div>\n\t\t","protected":false},"excerpt":{"rendered":"<p>S\u00e9curIndemnit\u00e9MC Politique sur les t\u00e9moins Consultez notre gestionnaire de consentement aux t\u00e9moins pour choisir les param\u00e8tres des t\u00e9moins.Nous conserverons vos pr\u00e9f\u00e9rences de t\u00e9moins pendant six\u00a0mois.\u00a0 Apr\u00e8s quoi, nous vous demanderons de les s\u00e9lectionner \u00e0 nouveau.\u00a0 Si vous effacez vos param\u00e8tres de t\u00e9moins dans votre navigateur avant la fin des six\u00a0mois, nous vous demanderons de s\u00e9lectionner [&hellip;]<\/p>\n","protected":false},"author":11,"featured_media":0,"parent":0,"menu_order":0,"comment_status":"closed","ping_status":"closed","template":"","meta":{"_acf_changed":false,"_seopress_robots_primary_cat":"","_seopress_titles_title":"","_seopress_titles_desc":"","_seopress_robots_index":"","inline_featured_image":false,"footnotes":""},"class_list":["post-6110","page","type-page","status-publish","hentry"],"acf":[],"_links":{"self":[{"href":"https:\/\/www.claimsecure.com\/fr\/wp-json\/wp\/v2\/pages\/6110","targetHints":{"allow":["GET"]}}],"collection":[{"href":"https:\/\/www.claimsecure.com\/fr\/wp-json\/wp\/v2\/pages"}],"about":[{"href":"https:\/\/www.claimsecure.com\/fr\/wp-json\/wp\/v2\/types\/page"}],"author":[{"embeddable":true,"href":"https:\/\/www.claimsecure.com\/fr\/wp-json\/wp\/v2\/users\/11"}],"replies":[{"embeddable":true,"href":"https:\/\/www.claimsecure.com\/fr\/wp-json\/wp\/v2\/comments?post=6110"}],"version-history":[{"count":63,"href":"https:\/\/www.claimsecure.com\/fr\/wp-json\/wp\/v2\/pages\/6110\/revisions"}],"predecessor-version":[{"id":7900,"href":"https:\/\/www.claimsecure.com\/fr\/wp-json\/wp\/v2\/pages\/6110\/revisions\/7900"}],"wp:attachment":[{"href":"https:\/\/www.claimsecure.com\/fr\/wp-json\/wp\/v2\/media?parent=6110"}],"curies":[{"name":"wp","href":"https:\/\/api.w.org\/{rel}","templated":true}]}}