{"id":4788,"date":"2023-04-18T14:47:33","date_gmt":"2023-04-18T18:47:33","guid":{"rendered":"https:\/\/dev.claimsecure.com\/accessibilite\/"},"modified":"2025-02-28T16:00:46","modified_gmt":"2025-02-28T21:00:46","slug":"accessibilite","status":"publish","type":"page","link":"https:\/\/www.claimsecure.com\/fr\/accessibilite\/","title":{"rendered":"Accessibilit\u00e9"},"content":{"rendered":"\t\t<div data-elementor-type=\"wp-page\" data-elementor-id=\"4788\" class=\"elementor elementor-4788 elementor-1528\" data-elementor-post-type=\"page\">\n\t\t\t\t<div class=\"elementor-element elementor-element-5889450 e-flex e-con-boxed e-con e-parent\" data-id=\"5889450\" data-element_type=\"container\" data-e-type=\"container\" data-settings=\"{&quot;background_background&quot;:&quot;classic&quot;}\">\n\t\t\t\t\t<div class=\"e-con-inner\">\n\t\t\t\t<div class=\"elementor-element elementor-element-f7034b8 elementor-widget elementor-widget-heading\" data-id=\"f7034b8\" data-element_type=\"widget\" data-e-type=\"widget\" role=\"heading\" aria-label=\"Accessibility\" data-widget_type=\"heading.default\">\n\t\t\t\t<div class=\"elementor-widget-container\">\n\t\t\t\t\t<h1 class=\"elementor-heading-title elementor-size-default\">Accessibilit\u00e9<\/h1>\t\t\t\t<\/div>\n\t\t\t\t<\/div>\n\t\t\t\t\t<\/div>\n\t\t\t\t<\/div>\n\t\t<div class=\"elementor-element elementor-element-4e5c0e5 e-flex e-con-boxed e-con e-parent\" data-id=\"4e5c0e5\" data-element_type=\"container\" data-e-type=\"container\" data-settings=\"{&quot;background_background&quot;:&quot;classic&quot;}\">\n\t\t\t\t\t<div class=\"e-con-inner\">\n\t\t\t\t<div class=\"elementor-element elementor-element-58fc1d5 elementor-widget elementor-widget-text-editor\" data-id=\"58fc1d5\" data-element_type=\"widget\" data-e-type=\"widget\" data-widget_type=\"text-editor.default\">\n\t\t\t\t<div class=\"elementor-widget-container\">\n\t\t\t\t\t\t\t\t\t<div id=\"brxe-vqfmlh\" class=\"brxe-div\"><p>Nous nous engageons \u00e0 r\u00e9pondre aux besoins de tous nos clients et nous nous effor\u00e7ons de fournir nos produits et services d&rsquo;une mani\u00e8re qui respecte la dignit\u00e9 et l&rsquo;ind\u00e9pendance des personnes handicap\u00e9es.<\/p><p>\u00a0<\/p><ul><li>Nous formons notre personnel et d&rsquo;autres membres de l&rsquo;organisation pour qu&rsquo;ils puissent fournir des biens et des services aux personnes handicap\u00e9es.<\/li><li>Nous r\u00e9visons r\u00e9guli\u00e8rement notre site Web et visons \u00e0 le rendre accessible et facile \u00e0 utiliser.<\/li><\/ul><p>\u00a0<\/p><p>Vos commentaires sont importants. Si vous souhaitez commenter l&rsquo;une de nos politiques et pratiques d&rsquo;accessibilit\u00e9, ou si vous avez une question ou une pr\u00e9occupation concernant l&rsquo;accessibilit\u00e9, contactez-nous :<\/p><\/div><div id=\"brxe-harhem\" class=\"brxe-div\"><h3 role=\"heading\" aria-label=\"Commitment\">\u00a0<\/h3><h3 id=\"brxe-fzzruu\" class=\"brxe-heading\" role=\"heading\" aria-label=\"Commitment\">Conformit\u00e9 :<\/h3><ul><li><strong>Par t\u00e9l\u00e9phone 1-888-513-4464 (num\u00e9ro gratuit)<\/strong><\/li><li><strong>Par courriel :<\/strong> <a href=\"mailto:compliance@claimsecure.com\"><strong>compliance@claimsecure.com<\/strong><\/a><\/li><\/ul><p>\u00a0<\/p><p>Nous avons mis en place un plan d&rsquo;accessibilit\u00e9 et les politiques et proc\u00e9dures suivantes, conformes \u00e0 la l\u00e9gislation applicable en mati\u00e8re d&rsquo;accessibilit\u00e9.<\/p><\/div>\t\t\t\t\t\t\t\t<\/div>\n\t\t\t\t<\/div>\n\t\t\t\t<div class=\"elementor-element elementor-element-e7a9b30 elementor-icon-list--layout-traditional elementor-list-item-link-full_width elementor-widget elementor-widget-icon-list\" data-id=\"e7a9b30\" data-element_type=\"widget\" data-e-type=\"widget\" data-widget_type=\"icon-list.default\">\n\t\t\t\t<div class=\"elementor-widget-container\">\n\t\t\t\t\t\t\t<ul class=\"elementor-icon-list-items\">\n\t\t\t\t\t\t\t<li class=\"elementor-icon-list-item\">\n\t\t\t\t\t\t\t\t\t\t\t<a href=\"https:\/\/www.claimsecure.com\/wp-content\/uploads\/2025\/02\/ACCESSIBILITY-PLAN_Final_FINAL-FR.pdf\">\n\n\t\t\t\t\t\t\t\t\t\t\t\t<span class=\"elementor-icon-list-icon\">\n\t\t\t\t\t\t\t<i aria-hidden=\"true\" class=\"fas fa-download\"><\/i>\t\t\t\t\t\t<\/span>\n\t\t\t\t\t\t\t\t\t\t<span class=\"elementor-icon-list-text\">Plan d'accessibilit\u00e9<\/span>\n\t\t\t\t\t\t\t\t\t\t\t<\/a>\n\t\t\t\t\t\t\t\t\t<\/li>\n\t\t\t\t\t\t\t\t<li class=\"elementor-icon-list-item\">\n\t\t\t\t\t\t\t\t\t\t\t<a href=\"https:\/\/www.claimsecure.com\/wp-content\/uploads\/2023\/07\/Accessibility-Feedback-Procedure_June-2023_Fr.pdf\">\n\n\t\t\t\t\t\t\t\t\t\t\t\t<span class=\"elementor-icon-list-icon\">\n\t\t\t\t\t\t\t<i aria-hidden=\"true\" class=\"fas fa-download\"><\/i>\t\t\t\t\t\t<\/span>\n\t\t\t\t\t\t\t\t\t\t<span class=\"elementor-icon-list-text\">Proc\u00e9dure de soumission des commentaires et des pr\u00e9occupations des clients<\/span>\n\t\t\t\t\t\t\t\t\t\t\t<\/a>\n\t\t\t\t\t\t\t\t\t<\/li>\n\t\t\t\t\t\t\t\t<li class=\"elementor-icon-list-item\">\n\t\t\t\t\t\t\t\t\t\t\t<a href=\"https:\/\/www.claimsecure.com\/wp-content\/uploads\/2023\/07\/Accessibility-Policy_May-2023_Final_Fr.pdf\">\n\n\t\t\t\t\t\t\t\t\t\t\t\t<span class=\"elementor-icon-list-icon\">\n\t\t\t\t\t\t\t<i aria-hidden=\"true\" class=\"fas fa-download\"><\/i>\t\t\t\t\t\t<\/span>\n\t\t\t\t\t\t\t\t\t\t<span class=\"elementor-icon-list-text\">Politique d'accessibilit\u00e9<\/span>\n\t\t\t\t\t\t\t\t\t\t\t<\/a>\n\t\t\t\t\t\t\t\t\t<\/li>\n\t\t\t\t\t\t<\/ul>\n\t\t\t\t\t\t<\/div>\n\t\t\t\t<\/div>\n\t\t\t\t\t<\/div>\n\t\t\t\t<\/div>\n\t\t\t\t<\/div>\n\t\t","protected":false},"excerpt":{"rendered":"<p>Accessibilit\u00e9 Nous nous engageons \u00e0 r\u00e9pondre aux besoins de tous nos clients et nous nous effor\u00e7ons de fournir nos produits et services d&rsquo;une mani\u00e8re qui respecte la dignit\u00e9 et l&rsquo;ind\u00e9pendance des personnes handicap\u00e9es. \u00a0 Nous formons notre personnel et d&rsquo;autres membres de l&rsquo;organisation pour qu&rsquo;ils puissent fournir des biens et des services aux personnes handicap\u00e9es. [&hellip;]<\/p>\n","protected":false},"author":11,"featured_media":0,"parent":0,"menu_order":0,"comment_status":"closed","ping_status":"closed","template":"","meta":{"_acf_changed":false,"_seopress_robots_primary_cat":"","_seopress_titles_title":"","_seopress_titles_desc":"","_seopress_robots_index":"","inline_featured_image":false,"footnotes":""},"class_list":["post-4788","page","type-page","status-publish","hentry"],"acf":[],"_links":{"self":[{"href":"https:\/\/www.claimsecure.com\/fr\/wp-json\/wp\/v2\/pages\/4788","targetHints":{"allow":["GET"]}}],"collection":[{"href":"https:\/\/www.claimsecure.com\/fr\/wp-json\/wp\/v2\/pages"}],"about":[{"href":"https:\/\/www.claimsecure.com\/fr\/wp-json\/wp\/v2\/types\/page"}],"author":[{"embeddable":true,"href":"https:\/\/www.claimsecure.com\/fr\/wp-json\/wp\/v2\/users\/11"}],"replies":[{"embeddable":true,"href":"https:\/\/www.claimsecure.com\/fr\/wp-json\/wp\/v2\/comments?post=4788"}],"version-history":[{"count":22,"href":"https:\/\/www.claimsecure.com\/fr\/wp-json\/wp\/v2\/pages\/4788\/revisions"}],"predecessor-version":[{"id":8651,"href":"https:\/\/www.claimsecure.com\/fr\/wp-json\/wp\/v2\/pages\/4788\/revisions\/8651"}],"wp:attachment":[{"href":"https:\/\/www.claimsecure.com\/fr\/wp-json\/wp\/v2\/media?parent=4788"}],"curies":[{"name":"wp","href":"https:\/\/api.w.org\/{rel}","templated":true}]}}