{"id":3979,"date":"2023-03-23T19:43:09","date_gmt":"2023-03-23T23:43:09","guid":{"rendered":"https:\/\/dev.claimsecure.com\/partenaire-pharmaceutique\/"},"modified":"2024-06-04T01:56:28","modified_gmt":"2024-06-04T05:56:28","slug":"partenaire-pharmaceutique","status":"publish","type":"page","link":"https:\/\/www.claimsecure.com\/fr\/partenaire-pharmaceutique\/","title":{"rendered":"Partenaire pharmaceutique"},"content":{"rendered":"\t\t<div data-elementor-type=\"wp-page\" data-elementor-id=\"3979\" class=\"elementor elementor-3979 elementor-32\" data-elementor-post-type=\"page\">\n\t\t\t\t<div class=\"elementor-element elementor-element-476d364 e-flex e-con-boxed e-con e-parent\" data-id=\"476d364\" data-element_type=\"container\" data-e-type=\"container\" data-settings=\"{&quot;background_background&quot;:&quot;classic&quot;}\">\n\t\t\t\t\t<div class=\"e-con-inner\">\n\t\t<div class=\"elementor-element elementor-element-4b4074c e-con-full e-flex e-con e-child\" data-id=\"4b4074c\" data-element_type=\"container\" data-e-type=\"container\">\n\t\t\t\t<div class=\"elementor-element elementor-element-00a36c1 elementor-widget elementor-widget-heading\" data-id=\"00a36c1\" data-element_type=\"widget\" data-e-type=\"widget\" role=\"heading\" aria-label=\"Partenaire pharmaceutique\" data-widget_type=\"heading.default\">\n\t\t\t\t<div class=\"elementor-widget-container\">\n\t\t\t\t\t<h1 class=\"elementor-heading-title elementor-size-default\">Partenaire pharmaceutique<\/h1>\t\t\t\t<\/div>\n\t\t\t\t<\/div>\n\t\t\t\t<div class=\"elementor-element elementor-element-934a4bb elementor-widget elementor-widget-text-editor\" data-id=\"934a4bb\" data-element_type=\"widget\" data-e-type=\"widget\" role=\"haeding\" data-widget_type=\"text-editor.default\">\n\t\t\t\t<div class=\"elementor-widget-container\">\n\t\t\t\t\t\t\t\t\tD\u00e9couvrez le soutien que peut offrir S\u00e9curIndemnit\u00e9<sup><small style=\"background-color: #3e3f4400;\">MC<\/small><\/sup> \u00e0 votre strat\u00e9gie de marque partout au Canada tout au long du cycle de vie de vos produits.\t\t\t\t\t\t\t\t<\/div>\n\t\t\t\t<\/div>\n\t\t\t\t<\/div>\n\t\t\t\t\t<\/div>\n\t\t\t\t<\/div>\n\t\t<div class=\"elementor-element elementor-element-c766857 e-flex e-con-boxed e-con e-parent\" data-id=\"c766857\" data-element_type=\"container\" data-e-type=\"container\" data-settings=\"{&quot;background_background&quot;:&quot;classic&quot;}\">\n\t\t\t\t\t<div class=\"e-con-inner\">\n\t\t\t\t<div class=\"elementor-element elementor-element-aac3788 elementor-widget elementor-widget-text-editor\" data-id=\"aac3788\" data-element_type=\"widget\" data-e-type=\"widget\" role=\"haeding\" data-widget_type=\"text-editor.default\">\n\t\t\t\t<div class=\"elementor-widget-container\">\n\t\t\t\t\t\t\t\t\t<p>Gr\u00e2ce \u00e0 notre syst\u00e8me d\u2019approbation flexible, \u00e0 notre solide exp\u00e9rience sectorielle, \u00e0 nos id\u00e9es novatrices et \u00e0 notre d\u00e9sir de satisfaire les clients, notre \u00e9quipe d\u2019experts en strat\u00e9gies pharmaceutiques est l\u00e0 pour r\u00e9pondre \u00e0 vos besoins.<\/p>\n\t\t\t\t\t\t\t\t<\/div>\n\t\t\t\t<\/div>\n\t\t\t\t\t<\/div>\n\t\t\t\t<\/div>\n\t\t<div class=\"elementor-element elementor-element-740f24f e-flex e-con-boxed e-con e-parent\" data-id=\"740f24f\" data-element_type=\"container\" data-e-type=\"container\">\n\t\t\t\t\t<div class=\"e-con-inner\">\n\t\t<div class=\"elementor-element elementor-element-e9b3517 e-flex e-con-boxed e-con e-child\" data-id=\"e9b3517\" data-element_type=\"container\" data-e-type=\"container\">\n\t\t\t\t\t<div class=\"e-con-inner\">\n\t\t<div class=\"elementor-element elementor-element-beebed8 e-con-full e-flex e-con e-child\" data-id=\"beebed8\" data-element_type=\"container\" data-e-type=\"container\">\n\t\t\t\t<div class=\"elementor-element elementor-element-a39d07e elementor-widget elementor-widget-heading\" data-id=\"a39d07e\" data-element_type=\"widget\" data-e-type=\"widget\" role=\"heading\" aria-label=\"services et solutions\" data-widget_type=\"heading.default\">\n\t\t\t\t<div class=\"elementor-widget-container\">\n\t\t\t\t\t<h2 class=\"elementor-heading-title elementor-size-default\">\nServices et Solutions<\/h2>\t\t\t\t<\/div>\n\t\t\t\t<\/div>\n\t\t\t\t<div class=\"elementor-element elementor-element-9d97270 elementor-widget elementor-widget-text-editor\" data-id=\"9d97270\" data-element_type=\"widget\" data-e-type=\"widget\" role=\"haeding\" data-widget_type=\"text-editor.default\">\n\t\t\t\t<div class=\"elementor-widget-container\">\n\t\t\t\t\t\t\t\t\t<p id=\"brxe-tpqxts\" class=\"brxe-heading\" role=\"heading\" aria-label=\"If You Are Looking To\">Si vous cherchez \u00e0 :<\/p>\n\t\t\t\t\t\t\t\t<\/div>\n\t\t\t\t<\/div>\n\t\t\t\t<div class=\"elementor-element elementor-element-ae089bb elementor-icon-list--layout-traditional elementor-list-item-link-full_width elementor-widget elementor-widget-icon-list\" data-id=\"ae089bb\" data-element_type=\"widget\" data-e-type=\"widget\" role=\"heading\" data-widget_type=\"icon-list.default\">\n\t\t\t\t<div class=\"elementor-widget-container\">\n\t\t\t\t\t\t\t<ul class=\"elementor-icon-list-items\">\n\t\t\t\t\t\t\t<li class=\"elementor-icon-list-item\">\n\t\t\t\t\t\t\t\t\t\t\t<span class=\"elementor-icon-list-icon\">\n\t\t\t\t\t\t\t<i aria-hidden=\"true\" class=\"fal fa-shield-check\"><\/i>\t\t\t\t\t\t<\/span>\n\t\t\t\t\t\t\t\t\t\t<span class=\"elementor-icon-list-text\">Maintenir la part de march\u00e9 que d\u00e9tiennent vos produits<\/span>\n\t\t\t\t\t\t\t\t\t<\/li>\n\t\t\t\t\t\t\t\t<li class=\"elementor-icon-list-item\">\n\t\t\t\t\t\t\t\t\t\t\t<span class=\"elementor-icon-list-icon\">\n\t\t\t\t\t\t\t<i aria-hidden=\"true\" class=\"fal fa-shield-check\"><\/i>\t\t\t\t\t\t<\/span>\n\t\t\t\t\t\t\t\t\t\t<span class=\"elementor-icon-list-text\">Acc\u00e9l\u00e9rer\/\u00e9largir la prise en charge des utilisateurs finaux<\/span>\n\t\t\t\t\t\t\t\t\t<\/li>\n\t\t\t\t\t\t\t\t<li class=\"elementor-icon-list-item\">\n\t\t\t\t\t\t\t\t\t\t\t<span class=\"elementor-icon-list-icon\">\n\t\t\t\t\t\t\t<i aria-hidden=\"true\" class=\"fal fa-shield-check\"><\/i>\t\t\t\t\t\t<\/span>\n\t\t\t\t\t\t\t\t\t\t<span class=\"elementor-icon-list-text\"> R\u00e9duire les obstacles \u00e0 l\u2019acc\u00e8s<\/span>\n\t\t\t\t\t\t\t\t\t<\/li>\n\t\t\t\t\t\t\t\t<li class=\"elementor-icon-list-item\">\n\t\t\t\t\t\t\t\t\t\t\t<span class=\"elementor-icon-list-icon\">\n\t\t\t\t\t\t\t<i aria-hidden=\"true\" class=\"fal fa-shield-check\"><\/i>\t\t\t\t\t\t<\/span>\n\t\t\t\t\t\t\t\t\t\t<span class=\"elementor-icon-list-text\">Mieux comprendre l\u2019espace qu\u2019occupent vos produits tout au long de leur cycle de vie<\/span>\n\t\t\t\t\t\t\t\t\t<\/li>\n\t\t\t\t\t\t<\/ul>\n\t\t\t\t\t\t<\/div>\n\t\t\t\t<\/div>\n\t\t\t\t<div class=\"elementor-element elementor-element-1a20beb elementor-widget elementor-widget-text-editor\" data-id=\"1a20beb\" data-element_type=\"widget\" data-e-type=\"widget\" data-widget_type=\"text-editor.default\">\n\t\t\t\t<div class=\"elementor-widget-container\">\n\t\t\t\t\t\t\t\t\t<p id=\"brxe-tpqxts\" class=\"brxe-heading\" role=\"heading\" aria-label=\"Nous pouvons vous aider\">Nous pouvons vous aider.<\/p>\t\t\t\t\t\t\t\t<\/div>\n\t\t\t\t<\/div>\n\t\t\t\t<\/div>\n\t\t<div class=\"elementor-element elementor-element-5eb33ac e-con-full e-flex e-con e-child\" data-id=\"5eb33ac\" data-element_type=\"container\" data-e-type=\"container\">\n\t\t\t\t<div class=\"elementor-element elementor-element-93e80ca elementor-widget elementor-widget-image\" data-id=\"93e80ca\" data-element_type=\"widget\" data-e-type=\"widget\" role=\"img\" aria-label=\"services et solutions\" tabindex=\"0\" data-widget_type=\"image.default\">\n\t\t\t\t<div class=\"elementor-widget-container\">\n\t\t\t\t\t\t\t\t\t\t\t\t\t\t\t<img fetchpriority=\"high\" decoding=\"async\" width=\"800\" height=\"800\" src=\"https:\/\/www.claimsecure.com\/wp-content\/uploads\/2023\/04\/smiling-doc.png\" class=\"attachment-full size-full wp-image-3334\" alt=\"smiling-doc\" srcset=\"https:\/\/www.claimsecure.com\/wp-content\/uploads\/2023\/04\/smiling-doc.png 800w, https:\/\/www.claimsecure.com\/wp-content\/uploads\/2023\/04\/smiling-doc-300x300.png 300w, https:\/\/www.claimsecure.com\/wp-content\/uploads\/2023\/04\/smiling-doc-150x150.png 150w, https:\/\/www.claimsecure.com\/wp-content\/uploads\/2023\/04\/smiling-doc-768x768.png 768w\" sizes=\"(max-width: 800px) 100vw, 800px\" \/>\t\t\t\t\t\t\t\t\t\t\t\t\t\t\t<\/div>\n\t\t\t\t<\/div>\n\t\t\t\t<\/div>\n\t\t\t\t\t<\/div>\n\t\t\t\t<\/div>\n\t\t\t\t\t<\/div>\n\t\t\t\t<\/div>\n\t\t<div class=\"elementor-element elementor-element-8797b46 elementor-hidden-tablet elementor-hidden-mobile e-flex e-con-boxed e-con e-parent\" data-id=\"8797b46\" data-element_type=\"container\" data-e-type=\"container\" data-settings=\"{&quot;background_background&quot;:&quot;classic&quot;}\">\n\t\t\t\t\t<div class=\"e-con-inner\">\n\t\t<div class=\"elementor-element elementor-element-154efca e-flex e-con-boxed e-con e-child\" data-id=\"154efca\" data-element_type=\"container\" data-e-type=\"container\">\n\t\t\t\t\t<div class=\"e-con-inner\">\n\t\t<div class=\"elementor-element elementor-element-457532d e-con-full e-flex e-con e-child\" data-id=\"457532d\" data-element_type=\"container\" data-e-type=\"container\" data-settings=\"{&quot;background_background&quot;:&quot;classic&quot;}\">\n\t\t<div class=\"elementor-element elementor-element-7ca8a92 e-con-full e-flex e-con e-child\" data-id=\"7ca8a92\" data-element_type=\"container\" data-e-type=\"container\">\n\t\t\t\t<div class=\"elementor-element elementor-element-21d4693 elementor-widget elementor-widget-text-editor\" data-id=\"21d4693\" data-element_type=\"widget\" data-e-type=\"widget\" role=\"haeding\" aria-label=\"Solutions de cartes\" data-widget_type=\"text-editor.default\">\n\t\t\t\t<div class=\"elementor-widget-container\">\n\t\t\t\t\t\t\t\t\t<h2>Solutions de cartes<\/h2>\t\t\t\t\t\t\t\t<\/div>\n\t\t\t\t<\/div>\n\t\t\t\t<div class=\"elementor-element elementor-element-16bedee elementor-widget elementor-widget-text-editor\" data-id=\"16bedee\" data-element_type=\"widget\" data-e-type=\"widget\" role=\"heading\" data-widget_type=\"text-editor.default\">\n\t\t\t\t<div class=\"elementor-widget-container\">\n\t\t\t\t\t\t\t\t\tGr\u00e2ce aux solutions de cartes S\u00e9curIndemnit\u00e9<sup><small>MC<\/small><\/sup>, vos patients peuvent acc\u00e9der en toute facilit\u00e9 \u00e0 une aide au remboursement \u00e0 n\u2019importe quelle \u00e9tape du cycle de vie de vos produits.\t\t\t\t\t\t\t\t<\/div>\n\t\t\t\t<\/div>\n\t\t<div class=\"elementor-element elementor-element-c0e8a85 e-flex e-con-boxed e-con e-child\" data-id=\"c0e8a85\" data-element_type=\"container\" data-e-type=\"container\">\n\t\t\t\t\t<div class=\"e-con-inner\">\n\t\t\t\t<div class=\"elementor-element elementor-element-074c4a1 elementor-widget elementor-widget-image\" data-id=\"074c4a1\" data-element_type=\"widget\" data-e-type=\"widget\" role=\"img\" aria-label=\"Solutions de cartes&lt;\" tabindex=\"0\" data-widget_type=\"image.default\">\n\t\t\t\t<div class=\"elementor-widget-container\">\n\t\t\t\t\t\t\t\t\t\t\t\t\t\t\t<img decoding=\"async\" width=\"8000\" height=\"2397\" src=\"https:\/\/www.claimsecure.com\/wp-content\/uploads\/2023\/07\/Pharma-Partners-Graphic-FR.png\" class=\"attachment-full size-full wp-image-3981\" alt=\"Pharma Partners Graphic FR\" srcset=\"https:\/\/www.claimsecure.com\/wp-content\/uploads\/2023\/07\/Pharma-Partners-Graphic-FR.png 8000w, https:\/\/www.claimsecure.com\/wp-content\/uploads\/2023\/07\/Pharma-Partners-Graphic-FR-300x90.png 300w, https:\/\/www.claimsecure.com\/wp-content\/uploads\/2023\/07\/Pharma-Partners-Graphic-FR-1024x307.png 1024w, https:\/\/www.claimsecure.com\/wp-content\/uploads\/2023\/07\/Pharma-Partners-Graphic-FR-768x230.png 768w, https:\/\/www.claimsecure.com\/wp-content\/uploads\/2023\/07\/Pharma-Partners-Graphic-FR-1536x460.png 1536w, https:\/\/www.claimsecure.com\/wp-content\/uploads\/2023\/07\/Pharma-Partners-Graphic-FR-2048x614.png 2048w\" sizes=\"(max-width: 8000px) 100vw, 8000px\" \/>\t\t\t\t\t\t\t\t\t\t\t\t\t\t\t<\/div>\n\t\t\t\t<\/div>\n\t\t\t\t\t<\/div>\n\t\t\t\t<\/div>\n\t\t<div class=\"elementor-element elementor-element-262f751 e-con-full e-flex e-con e-child\" data-id=\"262f751\" data-element_type=\"container\" data-e-type=\"container\">\n\t\t\t\t<div class=\"elementor-element elementor-element-2e5ebc9 elementor-widget elementor-widget-text-editor\" data-id=\"2e5ebc9\" data-element_type=\"widget\" data-e-type=\"widget\" role=\"heading\" data-widget_type=\"text-editor.default\">\n\t\t\t\t<div class=\"elementor-widget-container\">\n\t\t\t\t\t\t\t\t\t<p><strong>Cartes mod\u00e8les\/pont vers le remboursement<\/strong><\/p><p>S\u00e9curIndemnit\u00e9<sup><small>MC<\/small><\/sup> peut aider vos patients \u00e0 entreprendre un traitement dans l\u2019attente d\u2019une couverture par des r\u00e9gimes publics ou par une assurance priv\u00e9e.<\/p>\t\t\t\t\t\t\t\t<\/div>\n\t\t\t\t<\/div>\n\t\t\t\t<\/div>\n\t\t<div class=\"elementor-element elementor-element-5ae68a9 e-con-full e-flex e-con e-child\" data-id=\"5ae68a9\" data-element_type=\"container\" data-e-type=\"container\">\n\t\t\t\t<div class=\"elementor-element elementor-element-db33208 elementor-widget elementor-widget-text-editor\" data-id=\"db33208\" data-element_type=\"widget\" data-e-type=\"widget\" role=\"heading\" data-widget_type=\"text-editor.default\">\n\t\t\t\t<div class=\"elementor-widget-container\">\n\t\t\t\t\t\t\t\t\t<strong>Aide financi\u00e8re<\/strong>\n\nLes solutions de cartes d\u2019aide financi\u00e8re de S\u00e9curIndemnit\u00e9<sup><small>MC<\/small><\/sup> soutiennent vos patients en leur offrant une couverture de compassion \u00e0 court terme et\/ou \u00e0 long terme ou une aide pour le paiement de la quote-part.\t\t\t\t\t\t\t\t<\/div>\n\t\t\t\t<\/div>\n\t\t\t\t<\/div>\n\t\t<div class=\"elementor-element elementor-element-ec16d1e e-con-full e-flex e-con e-child\" data-id=\"ec16d1e\" data-element_type=\"container\" data-e-type=\"container\">\n\t\t\t\t<div class=\"elementor-element elementor-element-c62d664 elementor-widget elementor-widget-text-editor\" data-id=\"c62d664\" data-element_type=\"widget\" data-e-type=\"widget\" role=\"heading\" data-widget_type=\"text-editor.default\">\n\t\t\t\t<div class=\"elementor-widget-container\">\n\t\t\t\t\t\t\t\t\t<strong>Perte d\u2019exclusivit\u00e9<\/strong>\n\nS\u00e9curIndemnit\u00e9<sup><small>MC<\/small><\/sup> offre des solutions de cartes, qui aideront vos patients \u00e0 poursuivre leur traitement au moyen d\u2019un m\u00e9dicament de marque, lorsqu\u2019ils d\u00e9cident de le faire.\t\t\t\t\t\t\t\t<\/div>\n\t\t\t\t<\/div>\n\t\t\t\t<\/div>\n\t\t\t\t<\/div>\n\t\t\t\t<\/div>\n\t\t\t\t\t<\/div>\n\t\t\t\t<\/div>\n\t\t\t\t\t<\/div>\n\t\t\t\t<\/div>\n\t\t<div class=\"elementor-element elementor-element-6e76dfd elementor-hidden-desktop e-flex e-con-boxed e-con e-parent\" data-id=\"6e76dfd\" data-element_type=\"container\" data-e-type=\"container\" data-settings=\"{&quot;background_background&quot;:&quot;classic&quot;}\">\n\t\t\t\t\t<div class=\"e-con-inner\">\n\t\t<div class=\"elementor-element elementor-element-ed0a1e8 e-flex e-con-boxed e-con e-child\" data-id=\"ed0a1e8\" data-element_type=\"container\" data-e-type=\"container\">\n\t\t\t\t\t<div class=\"e-con-inner\">\n\t\t<div class=\"elementor-element elementor-element-66d653e e-con-full e-flex e-con e-child\" data-id=\"66d653e\" data-element_type=\"container\" data-e-type=\"container\" data-settings=\"{&quot;background_background&quot;:&quot;classic&quot;}\">\n\t\t<div class=\"elementor-element elementor-element-4685356 e-con-full e-flex e-con e-child\" data-id=\"4685356\" data-element_type=\"container\" data-e-type=\"container\">\n\t\t\t\t<div class=\"elementor-element elementor-element-6e6fdcc elementor-widget elementor-widget-text-editor\" data-id=\"6e6fdcc\" data-element_type=\"widget\" data-e-type=\"widget\" data-widget_type=\"text-editor.default\">\n\t\t\t\t<div class=\"elementor-widget-container\">\n\t\t\t\t\t\t\t\t\t<h2>Solutions de cartes<\/h2>\n\t\t\t\t\t\t\t\t<\/div>\n\t\t\t\t<\/div>\n\t\t\t\t<div class=\"elementor-element elementor-element-33379db elementor-widget elementor-widget-text-editor\" data-id=\"33379db\" data-element_type=\"widget\" data-e-type=\"widget\" data-widget_type=\"text-editor.default\">\n\t\t\t\t<div class=\"elementor-widget-container\">\n\t\t\t\t\t\t\t\t\tGr\u00e2ce aux solutions de cartes S\u00e9curIndemnit\u00e9<sup><small>MC<\/small><\/sup>, vos patients peuvent acc\u00e9der en toute facilit\u00e9 \u00e0 une aide au remboursement \u00e0 n\u2019importe quelle \u00e9tape du cycle de vie de vos produits.\t\t\t\t\t\t\t\t<\/div>\n\t\t\t\t<\/div>\n\t\t\t\t<div class=\"elementor-element elementor-element-9954118 elementor-widget elementor-widget-image\" data-id=\"9954118\" data-element_type=\"widget\" data-e-type=\"widget\" data-widget_type=\"image.default\">\n\t\t\t\t<div class=\"elementor-widget-container\">\n\t\t\t\t\t\t\t\t\t\t\t\t\t\t\t<img decoding=\"async\" width=\"8000\" height=\"2397\" src=\"https:\/\/www.claimsecure.com\/wp-content\/uploads\/2023\/07\/Pharma-Partners-Graphic-FR.png\" class=\"attachment-full size-full wp-image-3981\" alt=\"Pharma Partners Graphic FR\" srcset=\"https:\/\/www.claimsecure.com\/wp-content\/uploads\/2023\/07\/Pharma-Partners-Graphic-FR.png 8000w, https:\/\/www.claimsecure.com\/wp-content\/uploads\/2023\/07\/Pharma-Partners-Graphic-FR-300x90.png 300w, https:\/\/www.claimsecure.com\/wp-content\/uploads\/2023\/07\/Pharma-Partners-Graphic-FR-1024x307.png 1024w, https:\/\/www.claimsecure.com\/wp-content\/uploads\/2023\/07\/Pharma-Partners-Graphic-FR-768x230.png 768w, https:\/\/www.claimsecure.com\/wp-content\/uploads\/2023\/07\/Pharma-Partners-Graphic-FR-1536x460.png 1536w, https:\/\/www.claimsecure.com\/wp-content\/uploads\/2023\/07\/Pharma-Partners-Graphic-FR-2048x614.png 2048w\" sizes=\"(max-width: 8000px) 100vw, 8000px\" \/>\t\t\t\t\t\t\t\t\t\t\t\t\t\t\t<\/div>\n\t\t\t\t<\/div>\n\t\t\t\t<div class=\"elementor-element elementor-element-7a8ce5e elementor-widget elementor-widget-text-editor\" data-id=\"7a8ce5e\" data-element_type=\"widget\" data-e-type=\"widget\" data-widget_type=\"text-editor.default\">\n\t\t\t\t<div class=\"elementor-widget-container\">\n\t\t\t\t\t\t\t\t\t<strong>Cartes mod\u00e8les\/pont vers le remboursement<\/strong>\n\nS\u00e9curIndemnit\u00e9<sup><small>MC<\/small><\/sup> peut aider vos patients \u00e0 entreprendre un traitement dans l\u2019attente d\u2019une couverture par des r\u00e9gimes publics ou par une assurance priv\u00e9e.\t\t\t\t\t\t\t\t<\/div>\n\t\t\t\t<\/div>\n\t\t\t\t<div class=\"elementor-element elementor-element-d7c252f elementor-widget elementor-widget-text-editor\" data-id=\"d7c252f\" data-element_type=\"widget\" data-e-type=\"widget\" data-widget_type=\"text-editor.default\">\n\t\t\t\t<div class=\"elementor-widget-container\">\n\t\t\t\t\t\t\t\t\t<strong>Perte d\u2019exclusivit\u00e9<\/strong>\n\nS\u00e9curIndemnit\u00e9<sup><small>MC<\/small><\/sup> offre des solutions de cartes, qui aideront vos patients \u00e0 poursuivre leur traitement au moyen d\u2019un m\u00e9dicament de marque, lorsqu\u2019ils d\u00e9cident de le faire.\t\t\t\t\t\t\t\t<\/div>\n\t\t\t\t<\/div>\n\t\t\t\t<div class=\"elementor-element elementor-element-035977e elementor-widget elementor-widget-text-editor\" data-id=\"035977e\" data-element_type=\"widget\" data-e-type=\"widget\" data-widget_type=\"text-editor.default\">\n\t\t\t\t<div class=\"elementor-widget-container\">\n\t\t\t\t\t\t\t\t\t<strong>Aide financi\u00e8re<\/strong>\n\nLes solutions de cartes d\u2019aide financi\u00e8re de S\u00e9curIndemnit\u00e9<sup><small>MC<\/small><\/sup> soutiennent vos patients en leur offrant une couverture de compassion \u00e0 court terme et\/ou \u00e0 long terme ou une aide pour le paiement de la quote-part.\t\t\t\t\t\t\t\t<\/div>\n\t\t\t\t<\/div>\n\t\t\t\t<\/div>\n\t\t\t\t<\/div>\n\t\t\t\t\t<\/div>\n\t\t\t\t<\/div>\n\t\t\t\t\t<\/div>\n\t\t\t\t<\/div>\n\t\t<div class=\"elementor-element elementor-element-8ad9020 e-flex e-con-boxed e-con e-parent\" data-id=\"8ad9020\" data-element_type=\"container\" data-e-type=\"container\">\n\t\t\t\t\t<div class=\"e-con-inner\">\n\t\t<div class=\"elementor-element elementor-element-fea1c99 e-con-full e-flex e-con e-child\" data-id=\"fea1c99\" data-element_type=\"container\" data-e-type=\"container\">\n\t\t<div class=\"elementor-element elementor-element-85bb55e e-flex e-con-boxed e-con e-child\" data-id=\"85bb55e\" data-element_type=\"container\" data-e-type=\"container\">\n\t\t\t\t\t<div class=\"e-con-inner\">\n\t\t\t\t<div class=\"elementor-element elementor-element-04b9b4f elementor-widget elementor-widget-heading\" data-id=\"04b9b4f\" data-element_type=\"widget\" data-e-type=\"widget\" role=\"heading\" aria-label=\"Vastes capacit\u00e9s d\u2019analyse\" data-widget_type=\"heading.default\">\n\t\t\t\t<div class=\"elementor-widget-container\">\n\t\t\t\t\t<h2 class=\"elementor-heading-title elementor-size-default\">Vastes capacit\u00e9s d\u2019analyse<\/h2>\t\t\t\t<\/div>\n\t\t\t\t<\/div>\n\t\t\t\t<div class=\"elementor-element elementor-element-3cbb817 elementor-widget elementor-widget-text-editor\" data-id=\"3cbb817\" data-element_type=\"widget\" data-e-type=\"widget\" role=\"heading\" data-widget_type=\"text-editor.default\">\n\t\t\t\t<div class=\"elementor-widget-container\">\n\t\t\t\t\t\t\t\t\t<div id=\"brxe-ybtezu\" class=\"brxe-text\" role=\"heading\">\n<div id=\"brxe-ybtezu\" class=\"brxe-text\" role=\"heading\">\n\nEn mettant \u00e0 profit le bloc d\u2019assureurs priv\u00e9s, S\u00e9curIndemnit\u00e9<sup><small>MC<\/small><\/sup> peut vous accompagner tout au long du cycle de vie de vos produits en mettant \u00e0 profit des informations tir\u00e9es des donn\u00e9es.\n<ul>\n \t<li>Aide \u00e0 l\u2019\u00e9laboration de strat\u00e9gies\n<ul>\n \t<li>Pr\u00e9lancement pour comprendre le march\u00e9\/l\u2019occasion<\/li>\n \t<li>Post-lancement pour suivre les progr\u00e8s r\u00e9alis\u00e9s\/l\u2019adoption<\/li>\n<\/ul>\n<\/li>\n \t<li>Modifier les strat\u00e9gies au m\u00eame rythme que le march\u00e9 \u00e9volue<\/li>\n<\/ul>\n<\/div>\n<\/div>\t\t\t\t\t\t\t\t<\/div>\n\t\t\t\t<\/div>\n\t\t\t\t\t<\/div>\n\t\t\t\t<\/div>\n\t\t<div class=\"elementor-element elementor-element-c62b109 e-con-full e-flex e-con e-child\" data-id=\"c62b109\" data-element_type=\"container\" data-e-type=\"container\">\n\t\t\t\t<div class=\"elementor-element elementor-element-1ad4e03 elementor-widget elementor-widget-image\" data-id=\"1ad4e03\" data-element_type=\"widget\" data-e-type=\"widget\" role=\"img\" aria-label=\"Vastes capacit\u00e9s d\u2019analyse\" tite=\"Vastes capacit\u00e9s d\u2019analyse\" data-widget_type=\"image.default\">\n\t\t\t\t<div class=\"elementor-widget-container\">\n\t\t\t\t\t\t\t\t\t\t\t\t\t\t\t<img decoding=\"async\" width=\"800\" height=\"800\" src=\"https:\/\/www.claimsecure.com\/wp-content\/uploads\/2023\/04\/clinical-team2.png\" class=\"attachment-full size-full wp-image-3335\" alt=\"clinical team2\" srcset=\"https:\/\/www.claimsecure.com\/wp-content\/uploads\/2023\/04\/clinical-team2.png 800w, https:\/\/www.claimsecure.com\/wp-content\/uploads\/2023\/04\/clinical-team2-300x300.png 300w, https:\/\/www.claimsecure.com\/wp-content\/uploads\/2023\/04\/clinical-team2-150x150.png 150w, https:\/\/www.claimsecure.com\/wp-content\/uploads\/2023\/04\/clinical-team2-768x768.png 768w\" sizes=\"(max-width: 800px) 100vw, 800px\" \/>\t\t\t\t\t\t\t\t\t\t\t\t\t\t\t<\/div>\n\t\t\t\t<\/div>\n\t\t\t\t<\/div>\n\t\t\t\t<\/div>\n\t\t\t\t\t<\/div>\n\t\t\t\t<\/div>\n\t\t\t\t<\/div>\n\t\t","protected":false},"excerpt":{"rendered":"<p>Partenaire pharmaceutique D\u00e9couvrez le soutien que peut offrir S\u00e9curIndemnit\u00e9MC \u00e0 votre strat\u00e9gie de marque partout au Canada tout au long du cycle de vie de vos produits. Gr\u00e2ce \u00e0 notre syst\u00e8me d\u2019approbation flexible, \u00e0 notre solide exp\u00e9rience sectorielle, \u00e0 nos id\u00e9es novatrices et \u00e0 notre d\u00e9sir de satisfaire les clients, notre \u00e9quipe d\u2019experts en strat\u00e9gies [&hellip;]<\/p>\n","protected":false},"author":11,"featured_media":0,"parent":0,"menu_order":0,"comment_status":"closed","ping_status":"closed","template":"","meta":{"_acf_changed":false,"_seopress_robots_primary_cat":"","_seopress_titles_title":"","_seopress_titles_desc":"","_seopress_robots_index":"","inline_featured_image":false,"footnotes":""},"class_list":["post-3979","page","type-page","status-publish","hentry"],"acf":[],"_links":{"self":[{"href":"https:\/\/www.claimsecure.com\/fr\/wp-json\/wp\/v2\/pages\/3979","targetHints":{"allow":["GET"]}}],"collection":[{"href":"https:\/\/www.claimsecure.com\/fr\/wp-json\/wp\/v2\/pages"}],"about":[{"href":"https:\/\/www.claimsecure.com\/fr\/wp-json\/wp\/v2\/types\/page"}],"author":[{"embeddable":true,"href":"https:\/\/www.claimsecure.com\/fr\/wp-json\/wp\/v2\/users\/11"}],"replies":[{"embeddable":true,"href":"https:\/\/www.claimsecure.com\/fr\/wp-json\/wp\/v2\/comments?post=3979"}],"version-history":[{"count":25,"href":"https:\/\/www.claimsecure.com\/fr\/wp-json\/wp\/v2\/pages\/3979\/revisions"}],"predecessor-version":[{"id":8146,"href":"https:\/\/www.claimsecure.com\/fr\/wp-json\/wp\/v2\/pages\/3979\/revisions\/8146"}],"wp:attachment":[{"href":"https:\/\/www.claimsecure.com\/fr\/wp-json\/wp\/v2\/media?parent=3979"}],"curies":[{"name":"wp","href":"https:\/\/api.w.org\/{rel}","templated":true}]}}