{"id":3505,"date":"2023-03-23T19:43:46","date_gmt":"2023-03-23T23:43:46","guid":{"rendered":"https:\/\/dev.claimsecure.com\/une-activite-suspecte\/"},"modified":"2024-06-12T02:10:32","modified_gmt":"2024-06-12T06:10:32","slug":"une-activite-suspecte","status":"publish","type":"page","link":"https:\/\/www.claimsecure.com\/fr\/une-activite-suspecte\/","title":{"rendered":"Une activit\u00e9 suspecte?"},"content":{"rendered":"\t\t<div data-elementor-type=\"wp-page\" data-elementor-id=\"3505\" class=\"elementor elementor-3505 elementor-38\" data-elementor-post-type=\"page\">\n\t\t\t\t<div class=\"elementor-element elementor-element-0d14760 e-flex e-con-boxed e-con e-parent\" data-id=\"0d14760\" data-element_type=\"container\" data-e-type=\"container\" data-settings=\"{&quot;background_background&quot;:&quot;classic&quot;}\">\n\t\t\t\t\t<div class=\"e-con-inner\">\n\t\t\t\t<div class=\"elementor-element elementor-element-7641932 elementor-widget elementor-widget-heading\" data-id=\"7641932\" data-element_type=\"widget\" data-e-type=\"widget\" role=\"heading\" aria-label=\"Une activit\u00e9 suspecte?\" data-widget_type=\"heading.default\">\n\t\t\t\t<div class=\"elementor-widget-container\">\n\t\t\t\t\t<h1 class=\"elementor-heading-title elementor-size-default\">Une activit\u00e9 suspecte?<\/h1>\t\t\t\t<\/div>\n\t\t\t\t<\/div>\n\t\t\t\t\t<\/div>\n\t\t\t\t<\/div>\n\t\t<div class=\"elementor-element elementor-element-13c7d91 e-flex e-con-boxed e-con e-parent\" data-id=\"13c7d91\" data-element_type=\"container\" data-e-type=\"container\" data-settings=\"{&quot;background_background&quot;:&quot;classic&quot;}\">\n\t\t\t\t\t<div class=\"e-con-inner\">\n\t\t\t\t<div class=\"elementor-element elementor-element-86c3703 elementor-widget elementor-widget-heading\" data-id=\"86c3703\" data-element_type=\"widget\" data-e-type=\"widget\" role=\"haeding\" aria-label=\"Vous suspectez une fraude, un gaspillage ou un abus?\" data-widget_type=\"heading.default\">\n\t\t\t\t<div class=\"elementor-widget-container\">\n\t\t\t\t\t<h3 class=\"elementor-heading-title elementor-size-default\">Vous suspectez une fraude, un gaspillage ou un abus?<\/h3>\t\t\t\t<\/div>\n\t\t\t\t<\/div>\n\t\t\t\t<div class=\"elementor-element elementor-element-a3621a3 elementor-widget elementor-widget-text-editor\" data-id=\"a3621a3\" data-element_type=\"widget\" data-e-type=\"widget\" role=\"heading\" data-widget_type=\"text-editor.default\">\n\t\t\t\t<div class=\"elementor-widget-container\">\n\t\t\t\t\t\t\t\t\t<p>L\u2019\u00e9quipe des enqu\u00eates sp\u00e9ciales de S\u00e9curIndemnit\u00e9<small><sup>MC<\/sup><\/small> est compos\u00e9e d\u2019une \u00e9quipe d\u2019experts poss\u00e9dant des connaissances et une exp\u00e9rience diversifi\u00e9es couvrant les ant\u00e9c\u00e9dents cliniques et les donn\u00e9es d\u2019enqu\u00eate.<\/p><p><strong>Leur mission :<\/strong><\/p><ul><li>R\u00e9duire les pertes caus\u00e9es par la fraude, le gaspillage et l\u2019abus dans le domaine des soins de sant\u00e9.<\/li><li>Sensibiliser le public aux \u00e9ventuelles menaces de fraude, de gaspillage et d\u2019abus.<\/li><li>Mettre en commun les pratiques exemplaires au moyen d\u2019initiatives \u00e9ducatives.<\/li><\/ul>\t\t\t\t\t\t\t\t<\/div>\n\t\t\t\t<\/div>\n\t\t\t\t<div class=\"elementor-element elementor-element-76db370 elementor-widget elementor-widget-heading\" data-id=\"76db370\" data-element_type=\"widget\" data-e-type=\"widget\" role=\"heading\" aria-label=\"Ligne de S\u00e9curIndemnit\u00e9 de signalement de la fraude, du gaspillage et de l\u2019abus\" data-widget_type=\"heading.default\">\n\t\t\t\t<div class=\"elementor-widget-container\">\n\t\t\t\t\t<h3 class=\"elementor-heading-title elementor-size-default\">Ligne de S\u00e9curIndemnit\u00e9 de signalement de la fraude, du gaspillage et de l\u2019abus<\/h3>\t\t\t\t<\/div>\n\t\t\t\t<\/div>\n\t\t\t\t<div class=\"elementor-element elementor-element-057569a elementor-widget elementor-widget-text-editor\" data-id=\"057569a\" data-element_type=\"widget\" data-e-type=\"widget\" data-widget_type=\"text-editor.default\">\n\t\t\t\t<div class=\"elementor-widget-container\">\n\t\t\t\t\t\t\t\t\t<p>Si vous suspectez une fraude, un gaspillage ou un abus d\u2019assurance ou d\u2019avantages sociaux, veuillez en informer imm\u00e9diatement l\u2019\u00c9quipe des enqu\u00eates sp\u00e9ciales par t\u00e9l\u00e9phone ou par courriel confidentiel :<\/p>\n<ul>\n<li>Appelez-nous au 1 855 583-2843, poste 2420.<\/li>\n<li>Joignez-vous \u00e0 nous de mani\u00e8re anonyme en appelant notre ligne de signalement de la fraude, du gaspillage et de l\u2019abus, au poste 2419.<\/li>\n<li>Envoyez-nous un courriel \u00e0 <a style=\"word-break: break-word;\" href=\"mailto:specialinvestigations@claimsecure.com\">specialinvestigations@claimsecure.com<\/a><\/li>\n<li>Remplissez le formulaire ci-dessous.<\/li>\n<\/ul>\n\t\t\t\t\t\t\t\t<\/div>\n\t\t\t\t<\/div>\n\t\t\t\t\t<\/div>\n\t\t\t\t<\/div>\n\t\t<div class=\"elementor-element elementor-element-28457f7 e-flex e-con-boxed e-con e-parent\" data-id=\"28457f7\" data-element_type=\"container\" data-e-type=\"container\" data-settings=\"{&quot;background_background&quot;:&quot;classic&quot;}\">\n\t\t\t\t\t<div class=\"e-con-inner\">\n\t\t\t\t<div class=\"elementor-element elementor-element-60257db elementor-widget elementor-widget-heading\" data-id=\"60257db\" data-element_type=\"widget\" data-e-type=\"widget\" data-widget_type=\"heading.default\">\n\t\t\t\t<div class=\"elementor-widget-container\">\n\t\t\t\t\t<h4 class=\"elementor-heading-title elementor-size-default\">Formulaire de contact de l\u2019\u00e9quipe des enqu\u00eates sp\u00e9ciales<\/h4>\t\t\t\t<\/div>\n\t\t\t\t<\/div>\n\t\t\t\t<div class=\"elementor-element elementor-element-5a4758b elementor-button-align-center elementor-widget elementor-widget-form\" data-id=\"5a4758b\" data-element_type=\"widget\" data-e-type=\"widget\" data-settings=\"{&quot;step_next_label&quot;:&quot;Suivant&quot;,&quot;step_previous_label&quot;:&quot;Pr\\u00e9c\\u00e9dent&quot;,&quot;step_type&quot;:&quot;none&quot;,&quot;step_icon_shape&quot;:&quot;none&quot;,&quot;button_width&quot;:&quot;100&quot;}\" data-widget_type=\"form.default\">\n\t\t\t\t<div class=\"elementor-widget-container\">\n\t\t\t\t\t\t\t<form class=\"elementor-form\" method=\"post\" name=\"Fraud Form\" aria-label=\"Fraud Form\">\n\t\t\t<input type=\"hidden\" name=\"post_id\" value=\"3505\"\/>\n\t\t\t<input type=\"hidden\" name=\"form_id\" value=\"5a4758b\"\/>\n\t\t\t<input type=\"hidden\" name=\"referer_title\" value=\"\" \/>\n\n\t\t\t\n\t\t\t<div class=\"elementor-form-fields-wrapper elementor-labels-above\">\n\t\t\t\t\t\t\t\t<div class=\"elementor-field-type-text elementor-field-group elementor-column elementor-field-group-name elementor-col-50 elementor-field-required elementor-mark-required\">\n\t\t\t\t\t\t\t\t\t\t\t\t<label for=\"form-field-name\" class=\"elementor-field-label\">\n\t\t\t\t\t\t\t\tPr\u00e9nom (facultatif)\t\t\t\t\t\t\t<\/label>\n\t\t\t\t\t\t\t\t\t\t\t\t\t\t<input size=\"1\" type=\"text\" name=\"form_fields[name]\" id=\"form-field-name\" class=\"elementor-field elementor-size-md  elementor-field-textual\" required=\"required\">\n\t\t\t\t\t\t\t\t\t\t\t<\/div>\n\t\t\t\t\t\t\t\t<div class=\"elementor-field-type-text elementor-field-group elementor-column elementor-field-group-field_662be49 elementor-col-50 elementor-field-required elementor-mark-required\">\n\t\t\t\t\t\t\t\t\t\t\t\t<label for=\"form-field-field_662be49\" class=\"elementor-field-label\">\n\t\t\t\t\t\t\t\tNom (facultatif)\t\t\t\t\t\t\t<\/label>\n\t\t\t\t\t\t\t\t\t\t\t\t\t\t<input size=\"1\" type=\"text\" name=\"form_fields[field_662be49]\" id=\"form-field-field_662be49\" class=\"elementor-field elementor-size-md  elementor-field-textual\" required=\"required\">\n\t\t\t\t\t\t\t\t\t\t\t<\/div>\n\t\t\t\t\t\t\t\t<div class=\"elementor-field-type-email elementor-field-group elementor-column elementor-field-group-email elementor-col-50 elementor-field-required elementor-mark-required\">\n\t\t\t\t\t\t\t\t\t\t\t\t<label for=\"form-field-email\" class=\"elementor-field-label\">\n\t\t\t\t\t\t\t\tAdresse \u00e9lectronique\t\t\t\t\t\t\t<\/label>\n\t\t\t\t\t\t\t\t\t\t\t\t\t\t<input size=\"1\" type=\"email\" name=\"form_fields[email]\" id=\"form-field-email\" class=\"elementor-field elementor-size-md  elementor-field-textual\" required=\"required\">\n\t\t\t\t\t\t\t\t\t\t\t<\/div>\n\t\t\t\t\t\t\t\t<div class=\"elementor-field-type-tel elementor-field-group elementor-column elementor-field-group-field_d44ef36 elementor-col-50 elementor-field-required elementor-mark-required\">\n\t\t\t\t\t\t\t\t\t\t\t\t<label for=\"form-field-field_d44ef36\" class=\"elementor-field-label\">\n\t\t\t\t\t\t\t\tNum\u00e9ro de t\u00e9l\u00e9phone (facultatif)\t\t\t\t\t\t\t<\/label>\n\t\t\t\t\t\t\t\t<input size=\"1\" type=\"tel\" name=\"form_fields[field_d44ef36]\" id=\"form-field-field_d44ef36\" class=\"elementor-field elementor-size-md  elementor-field-textual\" required=\"required\" pattern=\"[0-9()#&amp;+*-=.]+\" title=\"Seuls les caract\u00e8res de num\u00e9ros de t\u00e9l\u00e9phone (#, -, *, etc.) sont accept\u00e9s.\">\n\n\t\t\t\t\t\t<\/div>\n\t\t\t\t\t\t\t\t<div class=\"elementor-field-type-textarea elementor-field-group elementor-column elementor-field-group-message elementor-col-100 elementor-field-required elementor-mark-required\">\n\t\t\t\t\t\t\t\t\t\t\t\t<label for=\"form-field-message\" class=\"elementor-field-label\">\n\t\t\t\t\t\t\t\tVeuillez fournir une description d\u00e9taill\u00e9e de la fraude ou de l\u2019abus suspect\u00e9(e).\t\t\t\t\t\t\t<\/label>\n\t\t\t\t\t\t<textarea class=\"elementor-field-textual elementor-field  elementor-size-md\" name=\"form_fields[message]\" id=\"form-field-message\" rows=\"8\" required=\"required\"><\/textarea>\t\t\t\t<\/div>\n\t\t\t\t\t\t\t\t<div class=\"elementor-field-type-html elementor-field-group elementor-column elementor-field-group-field_69020ef elementor-col-100\">\n\t\t\t\t\t<p> Puisque la s\u00e9curit\u00e9 des communications par courriel ne pouvant \u00eatre garantie, toute personne souhaitant communiquer avec S\u00e9curIndemnit\u00e9 pour des renseignements \u00e0 caract\u00e8re priv\u00e9 ou confidentiel est encourag\u00e9e \u00e0 le faire par t\u00e9l\u00e9phone. <\/p>\n<p class=\"cs-req\"> Champs requis<\/p>\t\t\t\t<\/div>\n\t\t\t\t\t\t\t\t<div class=\"elementor-field-group elementor-column elementor-field-type-submit elementor-col-100 e-form__buttons\">\n\t\t\t\t\t<button class=\"elementor-button elementor-size-md\" type=\"submit\">\n\t\t\t\t\t\t<span class=\"elementor-button-content-wrapper\">\n\t\t\t\t\t\t\t\t\t\t\t\t\t\t\t\t\t\t\t\t\t\t<span class=\"elementor-button-text\">SOUMETTRE<\/span>\n\t\t\t\t\t\t\t\t\t\t\t\t\t<\/span>\n\t\t\t\t\t<\/button>\n\t\t\t\t<\/div>\n\t\t\t<\/div>\n\t\t<\/form>\n\t\t\t\t\t\t<\/div>\n\t\t\t\t<\/div>\n\t\t\t\t\t<\/div>\n\t\t\t\t<\/div>\n\t\t<div class=\"elementor-element elementor-element-99a32c8 e-flex e-con-boxed e-con e-parent\" data-id=\"99a32c8\" data-element_type=\"container\" data-e-type=\"container\" data-settings=\"{&quot;background_background&quot;:&quot;classic&quot;}\">\n\t\t\t\t\t<div class=\"e-con-inner\">\n\t\t<div class=\"elementor-element elementor-element-da00825 e-con-full e-flex e-con e-child\" data-id=\"da00825\" data-element_type=\"container\" data-e-type=\"container\">\n\t\t\t\t<div class=\"elementor-element elementor-element-cae570d elementor-widget elementor-widget-image\" data-id=\"cae570d\" data-element_type=\"widget\" data-e-type=\"widget\" role=\"img\" aria-label=\"Votre avis nous int\u00e9resse!\" title=\"Votre avis nous int\u00e9resse!\" data-widget_type=\"image.default\">\n\t\t\t\t<div class=\"elementor-widget-container\">\n\t\t\t\t\t\t\t\t\t\t\t\t\t\t\t<img fetchpriority=\"high\" decoding=\"async\" width=\"800\" height=\"800\" src=\"https:\/\/www.claimsecure.com\/wp-content\/uploads\/2023\/04\/20.png\" class=\"attachment-full size-full wp-image-3343\" alt=\"20\" srcset=\"https:\/\/www.claimsecure.com\/wp-content\/uploads\/2023\/04\/20.png 800w, https:\/\/www.claimsecure.com\/wp-content\/uploads\/2023\/04\/20-300x300.png 300w, https:\/\/www.claimsecure.com\/wp-content\/uploads\/2023\/04\/20-150x150.png 150w, https:\/\/www.claimsecure.com\/wp-content\/uploads\/2023\/04\/20-768x768.png 768w\" sizes=\"(max-width: 800px) 100vw, 800px\" \/>\t\t\t\t\t\t\t\t\t\t\t\t\t\t\t<\/div>\n\t\t\t\t<\/div>\n\t\t\t\t<\/div>\n\t\t<div class=\"elementor-element elementor-element-504f542 e-con-full e-flex e-con e-child\" data-id=\"504f542\" data-element_type=\"container\" data-e-type=\"container\">\n\t\t\t\t<div class=\"elementor-element elementor-element-901d1e2 elementor-widget elementor-widget-heading\" data-id=\"901d1e2\" data-element_type=\"widget\" data-e-type=\"widget\" role=\"heading\" aria-label=\"Votre avis nous int\u00e9resse!\" data-widget_type=\"heading.default\">\n\t\t\t\t<div class=\"elementor-widget-container\">\n\t\t\t\t\t<h2 class=\"elementor-heading-title elementor-size-default\">Votre avis nous int\u00e9resse!<\/h2>\t\t\t\t<\/div>\n\t\t\t\t<\/div>\n\t\t\t\t<div class=\"elementor-element elementor-element-124af26 elementor-widget elementor-widget-heading\" data-id=\"124af26\" data-element_type=\"widget\" data-e-type=\"widget\" role=\"heading\" aria-label=\"S\u00e9curIndemnit\u00e9 MC valorise vos conseils et vos recommandations.\" data-widget_type=\"heading.default\">\n\t\t\t\t<div class=\"elementor-widget-container\">\n\t\t\t\t\t<h3 class=\"elementor-heading-title elementor-size-default\">S\u00e9curIndemnit\u00e9<small><sup>MC<\/sup><\/small> valorise vos conseils et vos recommandations.<\/h3>\t\t\t\t<\/div>\n\t\t\t\t<\/div>\n\t\t\t\t<div class=\"elementor-element elementor-element-384be0e elementor-widget elementor-widget-text-editor\" data-id=\"384be0e\" data-element_type=\"widget\" data-e-type=\"widget\" role=\"heading\" data-widget_type=\"text-editor.default\">\n\t\t\t\t<div class=\"elementor-widget-container\">\n\t\t\t\t\t\t\t\t\t<p>Toutes les communications sont anonymes, sauf si vous souhaitez que nous vous joignions. Si vous avez d\u00e9cid\u00e9 que l\u2019on vous joigne, veuillez nous accorder 24 heures ouvrables et l\u2019\u00c9quipe des enqu\u00eates sp\u00e9ciales communiquera avec vous dans les plus brefs d\u00e9lais.<\/p><p>Si vous souhaitez en savoir plus sur la mani\u00e8re dont nous prot\u00e9geons votre vie priv\u00e9e, veuillez consulter notre <a href=\"https:\/\/www.claimsecure.com\/fr\/la-confidentialite\/\">politique de confidentialit\u00e9.<\/a><\/p>\t\t\t\t\t\t\t\t<\/div>\n\t\t\t\t<\/div>\n\t\t\t\t<\/div>\n\t\t\t\t\t<\/div>\n\t\t\t\t<\/div>\n\t\t\t\t<\/div>\n\t\t","protected":false},"excerpt":{"rendered":"<p>Une activit\u00e9 suspecte? Vous suspectez une fraude, un gaspillage ou un abus? L\u2019\u00e9quipe des enqu\u00eates sp\u00e9ciales de S\u00e9curIndemnit\u00e9MC est compos\u00e9e d\u2019une \u00e9quipe d\u2019experts poss\u00e9dant des connaissances et une exp\u00e9rience diversifi\u00e9es couvrant les ant\u00e9c\u00e9dents cliniques et les donn\u00e9es d\u2019enqu\u00eate. Leur mission : R\u00e9duire les pertes caus\u00e9es par la fraude, le gaspillage et l\u2019abus dans le domaine [&hellip;]<\/p>\n","protected":false},"author":11,"featured_media":0,"parent":0,"menu_order":0,"comment_status":"closed","ping_status":"closed","template":"","meta":{"_acf_changed":false,"_seopress_robots_primary_cat":"","_seopress_titles_title":"","_seopress_titles_desc":"","_seopress_robots_index":"","inline_featured_image":false,"footnotes":""},"class_list":["post-3505","page","type-page","status-publish","hentry"],"acf":[],"_links":{"self":[{"href":"https:\/\/www.claimsecure.com\/fr\/wp-json\/wp\/v2\/pages\/3505","targetHints":{"allow":["GET"]}}],"collection":[{"href":"https:\/\/www.claimsecure.com\/fr\/wp-json\/wp\/v2\/pages"}],"about":[{"href":"https:\/\/www.claimsecure.com\/fr\/wp-json\/wp\/v2\/types\/page"}],"author":[{"embeddable":true,"href":"https:\/\/www.claimsecure.com\/fr\/wp-json\/wp\/v2\/users\/11"}],"replies":[{"embeddable":true,"href":"https:\/\/www.claimsecure.com\/fr\/wp-json\/wp\/v2\/comments?post=3505"}],"version-history":[{"count":52,"href":"https:\/\/www.claimsecure.com\/fr\/wp-json\/wp\/v2\/pages\/3505\/revisions"}],"predecessor-version":[{"id":8294,"href":"https:\/\/www.claimsecure.com\/fr\/wp-json\/wp\/v2\/pages\/3505\/revisions\/8294"}],"wp:attachment":[{"href":"https:\/\/www.claimsecure.com\/fr\/wp-json\/wp\/v2\/media?parent=3505"}],"curies":[{"name":"wp","href":"https:\/\/api.w.org\/{rel}","templated":true}]}}